{"id":9854,"date":"2025-10-29T17:33:13","date_gmt":"2025-10-29T21:33:13","guid":{"rendered":"https:\/\/missionqc.org\/?page_id=9854"},"modified":"2025-10-29T17:44:51","modified_gmt":"2025-10-29T21:44:51","slug":"alzugaray-teresa-pinheiro","status":"publish","type":"page","link":"https:\/\/missionqc.org\/en\/gospel-workers\/alzugaray-teresa-pinheiro\/","title":{"rendered":"Alzugaray &#038; Teresa Pinheiro"},"content":{"rendered":"[vc_row type=&#8221;full_width_background&#8221; full_screen_row_position=&#8221;middle&#8221; bg_image=&#8221;8577&#8243; background_image_mobile_hidden=&#8221;true&#8221; bg_position=&#8221;center center&#8221; bg_repeat=&#8221;no-repeat&#8221; parallax_bg=&#8221;true&#8221; parallax_bg_speed=&#8221;fast&#8221; scene_position=&#8221;center&#8221; text_color=&#8221;dark&#8221; text_align=&#8221;left&#8221; overlay_strength=&#8221;0.3&#8243; shape_divider_position=&#8221;bottom&#8221; shape_type=&#8221;&#8221;][vc_column column_padding=&#8221;no-extra-padding&#8221; column_padding_position=&#8221;all&#8221; background_color_opacity=&#8221;1&#8243; background_hover_color_opacity=&#8221;1&#8243; column_shadow=&#8221;none&#8221; column_border_radius=&#8221;none&#8221; width=&#8221;1\/1&#8243; tablet_text_alignment=&#8221;default&#8221; phone_text_alignment=&#8221;default&#8221; column_border_width=&#8221;none&#8221; column_border_style=&#8221;solid&#8221;][vc_row_inner equal_height=&#8221;yes&#8221; content_placement=&#8221;bottom&#8221; column_margin=&#8221;default&#8221; text_align=&#8221;left&#8221; css=&#8221;.vc_custom_1659976850099{border-bottom-width: 1px !important;border-bottom-color: #000000 !important;border-bottom-style: solid !important;}&#8221;][vc_column_inner column_padding=&#8221;padding-2-percent&#8221; column_padding_position=&#8221;right&#8221; background_color_opacity=&#8221;1&#8243; background_hover_color_opacity=&#8221;1&#8243; column_shadow=&#8221;none&#8221; column_border_radius=&#8221;none&#8221; width=&#8221;1\/2&#8243; column_border_width=&#8221;none&#8221; column_border_style=&#8221;solid&#8221; offset=&#8221;vc_hidden-sm vc_hidden-xs&#8221;][vc_custom_heading text=&#8221;Alzugaray &amp; Teresa<br \/>\nPinheiro&#8221; font_container=&#8221;tag:h1|font_size:38pt|text_align:left|color:%23000000|line_height:1.2&#8243; google_fonts=&#8221;font_family:PT%20Serif%3Aregular%2Citalic%2C700%2C700italic|font_style:400%20regular%3A400%3Anormal&#8221;]<div class=\"divider-wrap\"><div style=\"height: 125px;\" class=\"divider\"><\/div><\/div>[vc_column_text]\n<p style=\"line-height: 0.9; padding-bottom: 5px;\"><span style=\"text-transform: uppercase; font-size: 9pt; letter-spacing: 1px;\">missionaries<\/span><\/p>\n[\/vc_column_text][\/vc_column_inner][vc_column_inner column_padding=&#8221;no-extra-padding&#8221; column_padding_position=&#8221;all&#8221; background_color_opacity=&#8221;1&#8243; background_hover_color_opacity=&#8221;1&#8243; column_shadow=&#8221;none&#8221; column_border_radius=&#8221;none&#8221; width=&#8221;1\/2&#8243; column_border_width=&#8221;none&#8221; column_border_style=&#8221;solid&#8221; offset=&#8221;vc_hidden-sm vc_hidden-xs&#8221;]<div class=\"img-with-aniamtion-wrap \" data-max-width=\"100%\" data-border-radius=\"none\"><div class=\"inner\"><img loading=\"lazy\" decoding=\"async\" data-shadow=\"none\" data-shadow-direction=\"middle\" class=\"img-with-animation \" data-delay=\"0\" height=\"800\" width=\"800\" data-animation=\"none\" src=\"https:\/\/missionqc.org\/wp-content\/uploads\/2025\/10\/AlzuTeresa-800.webp\" srcset=\"https:\/\/missionqc.org\/wp-content\/uploads\/2025\/10\/AlzuTeresa-800.webp 800w, https:\/\/missionqc.org\/wp-content\/uploads\/2025\/10\/AlzuTeresa-800-300x300.webp 300w, https:\/\/missionqc.org\/wp-content\/uploads\/2025\/10\/AlzuTeresa-800-150x150.webp 150w, https:\/\/missionqc.org\/wp-content\/uploads\/2025\/10\/AlzuTeresa-800-768x768.webp 768w, https:\/\/missionqc.org\/wp-content\/uploads\/2025\/10\/AlzuTeresa-800-100x100.webp 100w, https:\/\/missionqc.org\/wp-content\/uploads\/2025\/10\/AlzuTeresa-800-140x140.webp 140w, https:\/\/missionqc.org\/wp-content\/uploads\/2025\/10\/AlzuTeresa-800-500x500.webp 500w, https:\/\/missionqc.org\/wp-content\/uploads\/2025\/10\/AlzuTeresa-800-350x350.webp 350w\" sizes=\"auto, 100vw\" alt=\"\" \/><\/div><\/div>[\/vc_column_inner][vc_column_inner column_padding=&#8221;no-extra-padding&#8221; column_padding_position=&#8221;all&#8221; background_color_opacity=&#8221;1&#8243; background_hover_color_opacity=&#8221;1&#8243; column_shadow=&#8221;none&#8221; column_border_radius=&#8221;none&#8221; width=&#8221;1\/2&#8243; column_border_width=&#8221;none&#8221; column_border_style=&#8221;solid&#8221; offset=&#8221;vc_hidden-lg vc_hidden-md&#8221;]<div class=\"img-with-aniamtion-wrap \" data-max-width=\"100%\" data-border-radius=\"none\"><div class=\"inner\"><img loading=\"lazy\" decoding=\"async\" data-shadow=\"none\" data-shadow-direction=\"middle\" class=\"img-with-animation \" data-delay=\"0\" height=\"800\" width=\"800\" data-animation=\"none\" src=\"https:\/\/missionqc.org\/wp-content\/uploads\/2025\/10\/AlzuTeresa-800.webp\" srcset=\"https:\/\/missionqc.org\/wp-content\/uploads\/2025\/10\/AlzuTeresa-800.webp 800w, https:\/\/missionqc.org\/wp-content\/uploads\/2025\/10\/AlzuTeresa-800-300x300.webp 300w, https:\/\/missionqc.org\/wp-content\/uploads\/2025\/10\/AlzuTeresa-800-150x150.webp 150w, https:\/\/missionqc.org\/wp-content\/uploads\/2025\/10\/AlzuTeresa-800-768x768.webp 768w, https:\/\/missionqc.org\/wp-content\/uploads\/2025\/10\/AlzuTeresa-800-100x100.webp 100w, https:\/\/missionqc.org\/wp-content\/uploads\/2025\/10\/AlzuTeresa-800-140x140.webp 140w, https:\/\/missionqc.org\/wp-content\/uploads\/2025\/10\/AlzuTeresa-800-500x500.webp 500w, https:\/\/missionqc.org\/wp-content\/uploads\/2025\/10\/AlzuTeresa-800-350x350.webp 350w\" sizes=\"auto, 100vw\" alt=\"\" \/><\/div><\/div>[\/vc_column_inner][vc_column_inner background_image=&#8221;8484&#8243; enable_bg_scale=&#8221;true&#8221; column_padding=&#8221;padding-10-percent&#8221; column_padding_position=&#8221;top&#8221; background_color_opacity=&#8221;1&#8243; background_hover_color_opacity=&#8221;1&#8243; column_shadow=&#8221;none&#8221; column_border_radius=&#8221;none&#8221; width=&#8221;1\/2&#8243; column_border_width=&#8221;none&#8221; column_border_style=&#8221;solid&#8221; offset=&#8221;vc_hidden-lg vc_hidden-md&#8221;][vc_custom_heading text=&#8221;Alzugaray &amp; Teresa<br \/>\nPinheiro&#8221; font_container=&#8221;tag:h1|font_size:38pt|text_align:left|color:%23000000|line_height:1.2&#8243; google_fonts=&#8221;font_family:PT%20Serif%3Aregular%2Citalic%2C700%2C700italic|font_style:400%20regular%3A400%3Anormal&#8221;]<div class=\"divider-wrap\"><div style=\"height: 50px;\" class=\"divider\"><\/div><\/div>[vc_column_text]\n<p style=\"line-height: 0.9; padding-bottom: 5px;\"><span style=\"text-transform: uppercase; font-size: 9pt; letter-spacing: 1px;\">missionaries<\/span><\/p>\n[\/vc_column_text][\/vc_column_inner][\/vc_row_inner][\/vc_column][\/vc_row][vc_row type=&#8221;in_container&#8221; full_screen_row_position=&#8221;middle&#8221; scene_position=&#8221;center&#8221; text_color=&#8221;dark&#8221; text_align=&#8221;left&#8221; top_padding=&#8221;10%&#8221; bottom_padding=&#8221;10%&#8221; overlay_strength=&#8221;0.3&#8243; shape_divider_position=&#8221;bottom&#8221; shape_type=&#8221;&#8221;][vc_column column_padding=&#8221;no-extra-padding&#8221; column_padding_position=&#8221;all&#8221; background_color_opacity=&#8221;1&#8243; background_hover_color_opacity=&#8221;1&#8243; column_shadow=&#8221;none&#8221; column_border_radius=&#8221;none&#8221; width=&#8221;1\/4&#8243; tablet_text_alignment=&#8221;default&#8221; phone_text_alignment=&#8221;default&#8221; column_border_width=&#8221;none&#8221; column_border_style=&#8221;solid&#8221;][\/vc_column][vc_column column_padding=&#8221;no-extra-padding&#8221; column_padding_position=&#8221;all&#8221; background_color_opacity=&#8221;1&#8243; background_hover_color_opacity=&#8221;1&#8243; column_shadow=&#8221;none&#8221; column_border_radius=&#8221;none&#8221; width=&#8221;1\/2&#8243; tablet_text_alignment=&#8221;default&#8221; phone_text_alignment=&#8221;default&#8221; column_border_width=&#8221;none&#8221; column_border_style=&#8221;solid&#8221;][vc_column_text]\n<h2 style=\"padding-bottom: 20px;\"><span style=\"font-weight: 400;\">Alzugaray and his wife Teresa arrived in Quebec in the heart of winter, in February 2024, after many years of faithfully serving the Lord in Brazil as a pastoral couple.<\/span><\/h2>\n<p data-start=\"223\" data-end=\"497\">Since then, they have been working hard to integrate into Quebec culture and to learn the French language in the beautiful region of Rivi\u00e8re-du-Loup. They are now completing their second year of integration and preparing to serve as a pastoral couple at \u00c9glise La Rivi\u00e8re.<\/p>\n<p data-start=\"499\" data-end=\"727\">Driven by a deep desire to see God\u2019s work grow in this part of the province, they long to proclaim the Gospel, see the Lord\u2019s work bear fruit, and faithfully walk alongside the believers of the region with love and dedication.<\/p>\n[\/vc_column_text][vc_row_inner column_margin=&#8221;default&#8221; top_padding=&#8221;5%&#8221; text_align=&#8221;center&#8221;][vc_column_inner column_padding=&#8221;no-extra-padding&#8221; column_padding_position=&#8221;all&#8221; background_color_opacity=&#8221;1&#8243; background_hover_color_opacity=&#8221;1&#8243; column_shadow=&#8221;none&#8221; column_border_radius=&#8221;none&#8221; width=&#8221;1\/1&#8243; column_border_width=&#8221;none&#8221; column_border_style=&#8221;solid&#8221;][nectar_btn size=&#8221;large&#8221; button_style=&#8221;regular&#8221; button_color_2=&#8221;Extra-Color-1&#8243; icon_family=&#8221;none&#8221; url=&#8221;https:\/\/www.zeffy.com\/en-CA\/donation-form\/aaa5805e-ebe1-44ad-85c6-18c6231f74ba&#8221; text=&#8221;Give&#8221;][\/vc_column_inner][\/vc_row_inner][\/vc_column][vc_column column_padding=&#8221;no-extra-padding&#8221; column_padding_position=&#8221;all&#8221; background_color_opacity=&#8221;1&#8243; background_hover_color_opacity=&#8221;1&#8243; column_shadow=&#8221;none&#8221; column_border_radius=&#8221;none&#8221; width=&#8221;1\/4&#8243; tablet_text_alignment=&#8221;default&#8221; phone_text_alignment=&#8221;default&#8221; column_border_width=&#8221;none&#8221; column_border_style=&#8221;solid&#8221;][\/vc_column][\/vc_row]\n","protected":false},"excerpt":{"rendered":"<p>[vc_row type=&#8221;full_width_background&#8221; full_screen_row_position=&#8221;middle&#8221; bg_image=&#8221;8577&#8243; background_image_mobile_hidden=&#8221;true&#8221; bg_position=&#8221;center center&#8221; bg_repeat=&#8221;no-repeat&#8221; parallax_bg=&#8221;true&#8221; parallax_bg_speed=&#8221;fast&#8221; scene_position=&#8221;center&#8221; text_color=&#8221;dark&#8221; text_align=&#8221;left&#8221; overlay_strength=&#8221;0.3&#8243; shape_divider_position=&#8221;bottom&#8221; shape_type=&#8221;&#8221;][vc_column column_padding=&#8221;no-extra-padding&#8221; column_padding_position=&#8221;all&#8221; background_color_opacity=&#8221;1&#8243; background_hover_color_opacity=&#8221;1&#8243; column_shadow=&#8221;none&#8221; column_border_radius=&#8221;none&#8221; width=&#8221;1\/1&#8243; tablet_text_alignment=&#8221;default&#8221; phone_text_alignment=&#8221;default&#8221;&#8230;<\/p>\n","protected":false},"author":3,"featured_media":0,"parent":9869,"menu_order":0,"comment_status":"closed","ping_status":"closed","template":"","meta":{"footnotes":""},"class_list":["post-9854","page","type-page","status-publish"],"_links":{"self":[{"href":"https:\/\/missionqc.org\/en\/wp-json\/wp\/v2\/pages\/9854","targetHints":{"allow":["GET"]}}],"collection":[{"href":"https:\/\/missionqc.org\/en\/wp-json\/wp\/v2\/pages"}],"about":[{"href":"https:\/\/missionqc.org\/en\/wp-json\/wp\/v2\/types\/page"}],"author":[{"embeddable":true,"href":"https:\/\/missionqc.org\/en\/wp-json\/wp\/v2\/users\/3"}],"replies":[{"embeddable":true,"href":"https:\/\/missionqc.org\/en\/wp-json\/wp\/v2\/comments?post=9854"}],"version-history":[{"count":9,"href":"https:\/\/missionqc.org\/en\/wp-json\/wp\/v2\/pages\/9854\/revisions"}],"predecessor-version":[{"id":9945,"href":"https:\/\/missionqc.org\/en\/wp-json\/wp\/v2\/pages\/9854\/revisions\/9945"}],"up":[{"embeddable":true,"href":"https:\/\/missionqc.org\/en\/wp-json\/wp\/v2\/pages\/9869"}],"wp:attachment":[{"href":"https:\/\/missionqc.org\/en\/wp-json\/wp\/v2\/media?parent=9854"}],"curies":[{"name":"wp","href":"https:\/\/api.w.org\/{rel}","templated":true}]}}